{"id":11946,"date":"2016-10-01T13:11:44","date_gmt":"2016-10-01T13:11:44","guid":{"rendered":"https:\/\/www.moraineenchantee.com\/spa\/"},"modified":"2025-05-23T22:28:17","modified_gmt":"2025-05-23T20:28:17","slug":"spa","status":"publish","type":"page","link":"https:\/\/www.moraineenchantee.com\/fr\/spa\/","title":{"rendered":"SPA"},"content":{"rendered":"<div class=\"wpb-content-wrapper\">[vc_row row_type=\u00a0\u00bb3&Prime; blox_height=\u00a0\u00bb494&Prime; blox_image=\u00a0\u00bb11847&Prime; page_title=\u00a0\u00bbpage-title-x\u00a0\u00bb full_container=\u00a0\u00bbfull-container\u00a0\u00bb blox_dark=\u00a0\u00bbtrue\u00a0\u00bb blox_class=\u00a0\u00bbw-top-se\u00a0\u00bb blox_bgcolor=\u00a0\u00bb#FFFFFF00&Prime; parallax_speed=\u00a0\u00bb8&Prime;][vc_column]<hr class=\"vertical-space1\"><h2 class=\"big-title1\">SPA &amp; hydromassage<\/h2>[vc_column_text css=\u00a0\u00bb\u00a0\u00bb]Retrouvez l\u2019harmonie entre corps et esprit dans notre SPA panoramique exclusive.[\/vc_column_text]<hr class=\"vertical-space5\"><hr class=\"vertical-space5\">[\/vc_column][\/vc_row][vc_row][vc_column]<hr class=\"vertical-space2\">[vc_row_inner][vc_column_inner width=\u00a0\u00bb1\/6&Prime;][\/vc_column_inner][vc_column_inner width=\u00a0\u00bb4\/6&Prime;]<article class=\"title-plus-text type-1 center \" style=\"text-align:center\" ><h3 style=\"color:#73736b\">MOMENTS DE D\u00c9TENTE<\/h3><h2 class=\"part-1\" style=\"color:#31312c\">SPA &amp;<\/h2><h2 class=\"part-2\" style=\"color:#5aa300\">Centre de bien-\u00eatre<\/h2><p>Bienvenue au SPA de Moraine Enchant\u00e9e, une oasis de bien-\u00eatre nich\u00e9e entre des sommets majestueux et le calme de la vall\u00e9e. Notre espace bien-\u00eatre offre une vue spectaculaire sur les montagnes et garantit des moments de pure relaxation gr\u00e2ce \u00e0 ses installations modernes et accueillantes.<\/p><\/article>[\/vc_column_inner][vc_column_inner width=\u00a0\u00bb1\/6&Prime;][\/vc_column_inner][\/vc_row_inner][vc_row_inner el_class=\u00a0\u00bbaligncenter\u00a0\u00bb css=\u00a0\u00bb.vc_custom_1476089005893{margin-top: 10px !important;}\u00a0\u00bb][vc_column_inner width=\u00a0\u00bb1\/3&Prime;]<hr class=\"vertical-space1\"><div class=\"teaser-box9\"><a href=\"#\"><h4 class=\"teaser-title \">HYDROMASSAGE<\/h4><\/a><\/div>[vc_single_image image=\u00a0\u00bb11886&Prime; img_size=\u00a0\u00bb\u00a0\u00bb alignment=\u00a0\u00bbcenter\u00a0\u00bb style=\u00a0\u00bbvc_box_shadow_border\u00a0\u00bb onclick=\u00a0\u00bblink_image\u00a0\u00bb css_animation=\u00a0\u00bbbounceInUp\u00a0\u00bb css=\u00a0\u00bb\u00a0\u00bb]<hr class=\"vertical-space3\">[\/vc_column_inner][vc_column_inner width=\u00a0\u00bb1\/3&Prime;]<hr class=\"vertical-space1\"><div class=\"teaser-box9\"><a href=\"#\"><h4 class=\"teaser-title \">SAUNA &amp; BAIN TURC<\/h4><\/a><\/div>[vc_single_image image=\u00a0\u00bb11883&Prime; img_size=\u00a0\u00bb\u00a0\u00bb alignment=\u00a0\u00bbcenter\u00a0\u00bb style=\u00a0\u00bbvc_box_shadow_border\u00a0\u00bb onclick=\u00a0\u00bblink_image\u00a0\u00bb css_animation=\u00a0\u00bbbounceInUp\u00a0\u00bb css=\u00a0\u00bb\u00a0\u00bb]<hr class=\"vertical-space3\">[\/vc_column_inner][vc_column_inner width=\u00a0\u00bb1\/3&Prime;]<hr class=\"vertical-space1\"><div class=\"teaser-box9\"><a href=\"#\"><h4 class=\"teaser-title \">PANORAMA UNIQUE<\/h4><\/a><\/div>[vc_single_image image=\u00a0\u00bb11868&Prime; img_size=\u00a0\u00bb\u00a0\u00bb alignment=\u00a0\u00bbcenter\u00a0\u00bb style=\u00a0\u00bbvc_box_shadow_border\u00a0\u00bb onclick=\u00a0\u00bblink_image\u00a0\u00bb css_animation=\u00a0\u00bbbounceInUp\u00a0\u00bb css=\u00a0\u00bb\u00a0\u00bb]<hr class=\"vertical-space3\">[\/vc_column_inner][\/vc_row_inner][vc_row_inner][vc_column_inner][vc_video link=\u00a0\u00bbhttps:\/\/youtu.be\/86G5ObxhPQE\u00a0\u00bb align=\u00a0\u00bbcenter\u00a0\u00bb css=\u00a0\u00bb\u00a0\u00bb title=\u00a0\u00bbSpa &amp; Wellness\u00a0\u00bb][\/vc_column_inner][\/vc_row_inner][vc_row_inner][vc_column_inner width=\u00a0\u00bb1\/6&Prime;][\/vc_column_inner][vc_column_inner width=\u00a0\u00bb4\/6&Prime;]<article class=\"title-plus-text type-1 center \" style=\"text-align:center\" ><h3 style=\"color:#73736b\">C\u00e2lins et bien-\u00eatre<\/h3><h2 class=\"part-1\" style=\"color:#31312c\">pour chaque<\/h2><h2 class=\"part-2\" style=\"color:#5aa300\">saison<\/h2><p>D\u00e9tendez-vous dans le bain \u00e0 remous int\u00e9rieur, plongez dans l\u2019atmosph\u00e8re chaleureuse du sauna finlandais et laissez-vous envelopper par la magie de la douche \u00e9motionnelle avec hammam, parfaite pour r\u00e9g\u00e9n\u00e9rer corps et esprit. Pendant les mois d\u2019\u00e9t\u00e9, le bain \u00e0 remous ext\u00e9rieur vous offrira une exp\u00e9rience en plein air inoubliable, entour\u00e9 d\u2019un panorama \u00e0 couper le souffle.<\/p><\/article><hr class=\"vertical-space3\"><hr class=\"vertical-space3\"><article class=\"title-plus-text type-1 center \" style=\"text-align:center\" ><h3 style=\"color:#73736b\">Ce qui vous attend<\/h3><h2 class=\"part-1\" style=\"color:#31312c\">dans notre<\/h2><h2 class=\"part-2\" style=\"color:#5aa300\">centre de bien-\u00eatre<\/h2><\/article>[\/vc_column_inner][vc_column_inner width=\u00a0\u00bb1\/6&Prime;][\/vc_column_inner][\/vc_row_inner][vc_row_inner el_class=\u00a0\u00bbaligncenter\u00a0\u00bb css=\u00a0\u00bb.vc_custom_1476089005893{margin-top: 10px !important;}\u00a0\u00bb][vc_column_inner width=\u00a0\u00bb1\/2&Prime;]<hr class=\"vertical-space1\"><div class=\"teaser-box9\"><a href=\"#\"><h4 class=\"teaser-title \">Sauna finlandais<\/h4><\/a><\/div><div class=\"teaser-box9\"><a href=\"#\"><h4 class=\"teaser-title \">Bain \u00e0 remous int\u00e9rieur<\/h4><\/a><\/div><div class=\"teaser-box9\"><a href=\"#\"><h4 class=\"teaser-title \">Douche \u00e9motionnelle avec hammam<\/h4><\/a><\/div><hr class=\"vertical-space3\">[vc_single_image image=\u00a0\u00bb11856&Prime; img_size=\u00a0\u00bb\u00a0\u00bb alignment=\u00a0\u00bbcenter\u00a0\u00bb onclick=\u00a0\u00bblink_image\u00a0\u00bb css=\u00a0\u00bb\u00a0\u00bb]<hr class=\"vertical-space3\">[vc_column_text css=\u00a0\u00bb\u00a0\u00bb]\n<h4 style=\"color: #31312c; font-size: 18px; margin-bottom: 20px; font-weight: bold;\">RETROUVEZ L\u2019\u00c9QUILIBRE<\/h4>\n<p style=\"font-weight: 300;\">Red\u00e9couvrez votre \u00e9quilibre naturel dans un environnement de tranquillit\u00e9<br \/>\nabsolue et laissez-vous emporter par un bien-\u00eatre total.<\/p>\n[\/vc_column_text][\/vc_column_inner][vc_column_inner width=\u00a0\u00bb1\/2&Prime;]<hr class=\"vertical-space1\"><div class=\"teaser-box9\"><a href=\"#\"><h4 class=\"teaser-title \">Bain \u00e0 remous ext\u00e9rieur (actif durant les mois d\u2019\u00e9t\u00e9)<\/h4><\/a><\/div><div class=\"teaser-box9\"><a href=\"#\"><h4 class=\"teaser-title \">Peignoirs et chaussons pour les invit\u00e9s<\/h4><\/a><\/div><div class=\"teaser-box9\"><a href=\"#\"><h4 class=\"teaser-title \">Espace d\u00e9tente avec boissons<\/h4><\/a><\/div><hr class=\"vertical-space3\">[vc_single_image image=\u00a0\u00bb11871&Prime; img_size=\u00a0\u00bb\u00a0\u00bb alignment=\u00a0\u00bbcenter\u00a0\u00bb onclick=\u00a0\u00bblink_image\u00a0\u00bb css=\u00a0\u00bb\u00a0\u00bb]<hr class=\"vertical-space3\">[vc_column_text css=\u00a0\u00bb\u00a0\u00bb]\n<h4 style=\"color: #31312c; font-size: 18px; margin-bottom: 20px; font-weight: bold;\">CONFORT ET ACCESSOIRES<\/h4>\n<p>Chaque invit\u00e9 de notre SPA disposera d&rsquo;une salle de bain priv\u00e9e \u00e9quip\u00e9e d\u2019une douche,<br \/>\nd\u2019un s\u00e8che-cheveux et d\u2019un ensemble de courtoisie complet, pour un confort impeccable.[\/vc_column_text][\/vc_column_inner][\/vc_row_inner][vc_column_text css=\u00a0\u00bb\u00a0\u00bb]<img loading=\"lazy\" decoding=\"async\" class=\"aligncenter wp-image-12111 \" src=\"http:\/\/www.moraineenchantee.com\/wp-content\/uploads\/2025\/05\/contributo-moraine-300x200.jpg\" alt=\"\" width=\"344\" height=\"229\" srcset=\"https:\/\/www.moraineenchantee.com\/wp-content\/uploads\/2025\/05\/contributo-moraine-300x200.jpg 300w, https:\/\/www.moraineenchantee.com\/wp-content\/uploads\/2025\/05\/contributo-moraine-1024x683.jpg 1024w, https:\/\/www.moraineenchantee.com\/wp-content\/uploads\/2025\/05\/contributo-moraine-768x512.jpg 768w, https:\/\/www.moraineenchantee.com\/wp-content\/uploads\/2025\/05\/contributo-moraine-1536x1024.jpg 1536w, https:\/\/www.moraineenchantee.com\/wp-content\/uploads\/2025\/05\/contributo-moraine-420x280.jpg 420w, https:\/\/www.moraineenchantee.com\/wp-content\/uploads\/2025\/05\/contributo-moraine-690x460.jpg 690w, https:\/\/www.moraineenchantee.com\/wp-content\/uploads\/2025\/05\/contributo-moraine.jpg 1600w\" sizes=\"(max-width: 344px) 100vw, 344px\" \/>[\/vc_column_text][\/vc_column][\/vc_row][vc_row][vc_column]<hr class=\"vertical-space2\">[vc_empty_space height=\u00a0\u00bb10px\u00a0\u00bb]<hr class=\"vertical-space2\">[vc_single_image image=\u00a0\u00bb1024&Prime; img_size=\u00a0\u00bbfull\u00a0\u00bb alignment=\u00a0\u00bbcenter\u00a0\u00bb][\/vc_column][\/vc_row][vc_row row_type=\u00a0\u00bb3&Prime; blox_height=\u00a0\u00bb616&Prime; blox_image=\u00a0\u00bb10914&Prime; page_title=\u00a0\u00bbpage-title-x\u00a0\u00bb blox_dark=\u00a0\u00bbtrue\u00a0\u00bb blox_class=\u00a0\u00bbaligncenter w-information-se\u00a0\u00bb parallax_speed=\u00a0\u00bb8&Prime;][vc_column]<hr class=\"vertical-space3\">[vc_row_inner][vc_column_inner width=\u00a0\u00bb1\/4&Prime;][\/vc_column_inner][vc_column_inner width=\u00a0\u00bb1\/2&Prime;][vc_column_text css=\u00a0\u00bb\u00a0\u00bb]\n<h4 style=\"text-align: center;\">R\u00e9servez d\u00e8s aujourd&rsquo;hui vos vacances<br \/>\net votre SPA<\/h4>\n<p style=\"text-align: center;\">Notre chambre d\u2019h\u00f4tes est pr\u00eate \u00e0 vous accueillir et \u00e0 vous choyer avec nos chambres et notre centre de bien-\u00eatre.<\/p>\n[\/vc_column_text]<hr class=\"vertical-space4\">[\/vc_column_inner][vc_column_inner width=\u00a0\u00bb1\/4&Prime;][\/vc_column_inner][\/vc_row_inner]<a href=\"https:\/\/lamoraine.kross.travel\/\" class=\"button theme-skin rounded large  \" target=\"_blank\"><i class=\"pe-7s-plane\"><\/i>R\u00c9SERVEZ D\u00c8S AUJOURD'HUI VOS VACANCES EN VALL\u00c9E D'AOSTE<\/a>[\/vc_column][\/vc_row]\n<\/div>","protected":false},"excerpt":{"rendered":"<p>[vc_row row_type=\u00a0\u00bb3&Prime; blox_height=\u00a0\u00bb494&Prime; blox_image=\u00a0\u00bb11847&Prime; page_title=\u00a0\u00bbpage-title-x\u00a0\u00bb full_container=\u00a0\u00bbfull-container\u00a0\u00bb blox_dark=\u00a0\u00bbtrue\u00a0\u00bb blox_class=\u00a0\u00bbw-top-se\u00a0\u00bb blox_bgcolor=\u00a0\u00bb#FFFFFF00&Prime; parallax_speed=\u00a0\u00bb8&Prime;][vc_column][vc_column_text css=\u00a0\u00bb\u00a0\u00bb]Retrouvez l\u2019harmonie entre corps et esprit dans notre SPA panoramique exclusive.[\/vc_column_text][\/vc_column][\/vc_row][vc_row][vc_column][vc_row_inner][vc_column_inner width=\u00a0\u00bb1\/6&Prime;][\/vc_column_inner][vc_column_inner width=\u00a0\u00bb4\/6&Prime;][\/vc_column_inner][vc_column_inner width=\u00a0\u00bb1\/6&Prime;][\/vc_column_inner][\/vc_row_inner][vc_row_inner el_class=\u00a0\u00bbaligncenter\u00a0\u00bb css=\u00a0\u00bb.vc_custom_1476089005893{margin-top: 10px !important;}\u00a0\u00bb][vc_column_inner width=\u00a0\u00bb1\/3&Prime;][vc_single_image image=\u00a0\u00bb11886&Prime; img_size=\u00a0\u00bb\u00a0\u00bb alignment=\u00a0\u00bbcenter\u00a0\u00bb style=\u00a0\u00bbvc_box_shadow_border\u00a0\u00bb onclick=\u00a0\u00bblink_image\u00a0\u00bb css_animation=\u00a0\u00bbbounceInUp\u00a0\u00bb css=\u00a0\u00bb\u00a0\u00bb][\/vc_column_inner][vc_column_inner width=\u00a0\u00bb1\/3&Prime;][vc_single_image image=\u00a0\u00bb11883&Prime; img_size=\u00a0\u00bb\u00a0\u00bb alignment=\u00a0\u00bbcenter\u00a0\u00bb style=\u00a0\u00bbvc_box_shadow_border\u00a0\u00bb onclick=\u00a0\u00bblink_image\u00a0\u00bb css_animation=\u00a0\u00bbbounceInUp\u00a0\u00bb css=\u00a0\u00bb\u00a0\u00bb][\/vc_column_inner][vc_column_inner width=\u00a0\u00bb1\/3&Prime;][vc_single_image image=\u00a0\u00bb11868&Prime; img_size=\u00a0\u00bb\u00a0\u00bb alignment=\u00a0\u00bbcenter\u00a0\u00bb style=\u00a0\u00bbvc_box_shadow_border\u00a0\u00bb onclick=\u00a0\u00bblink_image\u00a0\u00bb css_animation=\u00a0\u00bbbounceInUp\u00a0\u00bb css=\u00a0\u00bb\u00a0\u00bb][\/vc_column_inner][\/vc_row_inner][vc_row_inner][vc_column_inner][vc_video link=\u00a0\u00bbhttps:\/\/youtu.be\/86G5ObxhPQE\u00a0\u00bb align=\u00a0\u00bbcenter\u00a0\u00bb css=\u00a0\u00bb\u00a0\u00bb title=\u00a0\u00bbSpa &amp; Wellness\u00a0\u00bb][\/vc_column_inner][\/vc_row_inner][vc_row_inner][vc_column_inner width=\u00a0\u00bb1\/6&Prime;][\/vc_column_inner][vc_column_inner width=\u00a0\u00bb4\/6&Prime;][\/vc_column_inner][vc_column_inner width=\u00a0\u00bb1\/6&Prime;][\/vc_column_inner][\/vc_row_inner][vc_row_inner el_class=\u00a0\u00bbaligncenter\u00a0\u00bb css=\u00a0\u00bb.vc_custom_1476089005893{margin-top: 10px !important;}\u00a0\u00bb][vc_column_inner width=\u00a0\u00bb1\/2&Prime;][vc_single_image image=\u00a0\u00bb11856&Prime; img_size=\u00a0\u00bb\u00a0\u00bb alignment=\u00a0\u00bbcenter\u00a0\u00bb onclick=\u00a0\u00bblink_image\u00a0\u00bb css=\u00a0\u00bb\u00a0\u00bb][vc_column_text css=\u00a0\u00bb\u00a0\u00bb] RETROUVEZ L\u2019\u00c9QUILIBRE Red\u00e9couvrez votre \u00e9quilibre naturel dans un environnement de tranquillit\u00e9 absolue et laissez-vous emporter par un bien-\u00eatre total. [\/vc_column_text][\/vc_column_inner][vc_column_inner width=\u00a0\u00bb1\/2&Prime;][vc_single_image image=\u00a0\u00bb11871&Prime; img_size=\u00a0\u00bb\u00a0\u00bb alignment=\u00a0\u00bbcenter\u00a0\u00bb onclick=\u00a0\u00bblink_image\u00a0\u00bb css=\u00a0\u00bb\u00a0\u00bb][vc_column_text css=\u00a0\u00bb\u00a0\u00bb] CONFORT ET ACCESSOIRES Chaque invit\u00e9 de notre SPA disposera d&rsquo;une salle de bain priv\u00e9e \u00e9quip\u00e9e d\u2019une douche, d\u2019un s\u00e8che-cheveux et d\u2019un ensemble de courtoisie complet, pour un confort impeccable.[\/vc_column_text][\/vc_column_inner][\/vc_row_inner][vc_column_text css=\u00a0\u00bb\u00a0\u00bb][\/vc_column_text][\/vc_column][\/vc_row][vc_row][vc_column][vc_empty_space height=\u00a0\u00bb10px\u00a0\u00bb][vc_single_image image=\u00a0\u00bb1024&Prime; img_size=\u00a0\u00bbfull\u00a0\u00bb alignment=\u00a0\u00bbcenter\u00a0\u00bb][\/vc_column][\/vc_row][vc_row row_type=\u00a0\u00bb3&Prime; blox_height=\u00a0\u00bb616&Prime; blox_image=\u00a0\u00bb10914&Prime; page_title=\u00a0\u00bbpage-title-x\u00a0\u00bb blox_dark=\u00a0\u00bbtrue\u00a0\u00bb blox_class=\u00a0\u00bbaligncenter w-information-se\u00a0\u00bb parallax_speed=\u00a0\u00bb8&Prime;][vc_column][vc_row_inner][vc_column_inner width=\u00a0\u00bb1\/4&Prime;][\/vc_column_inner][vc_column_inner width=\u00a0\u00bb1\/2&Prime;][vc_column_text css=\u00a0\u00bb\u00a0\u00bb] R\u00e9servez d\u00e8s aujourd&rsquo;hui vos vacances et votre SPA Notre chambre d\u2019h\u00f4tes est pr\u00eate \u00e0 vous accueillir et \u00e0 vous choyer avec nos chambres et notre centre de bien-\u00eatre. [\/vc_column_text][\/vc_column_inner][vc_column_inner width=\u00a0\u00bb1\/4&Prime;][\/vc_column_inner][\/vc_row_inner][\/vc_column][\/vc_row]<\/p>\n","protected":false},"author":1,"featured_media":0,"parent":0,"menu_order":0,"comment_status":"closed","ping_status":"closed","template":"","meta":{"footnotes":""},"class_list":["post-11946","page","type-page","status-publish","hentry"],"_links":{"self":[{"href":"https:\/\/www.moraineenchantee.com\/fr\/wp-json\/wp\/v2\/pages\/11946"}],"collection":[{"href":"https:\/\/www.moraineenchantee.com\/fr\/wp-json\/wp\/v2\/pages"}],"about":[{"href":"https:\/\/www.moraineenchantee.com\/fr\/wp-json\/wp\/v2\/types\/page"}],"author":[{"embeddable":true,"href":"https:\/\/www.moraineenchantee.com\/fr\/wp-json\/wp\/v2\/users\/1"}],"replies":[{"embeddable":true,"href":"https:\/\/www.moraineenchantee.com\/fr\/wp-json\/wp\/v2\/comments?post=11946"}],"version-history":[{"count":0,"href":"https:\/\/www.moraineenchantee.com\/fr\/wp-json\/wp\/v2\/pages\/11946\/revisions"}],"wp:attachment":[{"href":"https:\/\/www.moraineenchantee.com\/fr\/wp-json\/wp\/v2\/media?parent=11946"}],"curies":[{"name":"wp","href":"https:\/\/api.w.org\/{rel}","templated":true}]}}