{"id":11122,"date":"2019-01-23T14:57:20","date_gmt":"2019-01-23T13:57:20","guid":{"rendered":"http:\/\/www.moraineenchantee.com\/?page_id=11122"},"modified":"2025-03-03T12:48:35","modified_gmt":"2025-03-03T11:48:35","slug":"aoste-bilocale","status":"publish","type":"page","link":"https:\/\/www.moraineenchantee.com\/fr\/liste-des-chambres\/aoste-bilocale\/","title":{"rendered":"Appartement de deux pi\u00e8ces Le Clapey"},"content":{"rendered":"<div class=\"wpb-content-wrapper\">[vc_row row_type=\u00a0\u00bb3&Prime; blox_image=\u00a0\u00bb11308&Prime; page_title=\u00a0\u00bbpage-title-x\u00a0\u00bb blox_dark=\u00a0\u00bbtrue\u00a0\u00bb blox_class=\u00a0\u00bbw-top-se\u00a0\u00bb parallax_speed=\u00a0\u00bb8&Prime;][vc_column]<hr class=\"vertical-space4\"><hr class=\"vertical-space4\">[vc_row_inner][vc_column_inner]<article class=\"title-plus-text type-1 center \" style=\"text-align:center\" ><h3 style=\"color:#ffffff\">Apartement<\/h3><h2 class=\"part-1\" >Deux Pi\u00e8ces<\/h2><h2 class=\"part-2\" >Le Clapey<\/h2><\/article>[\/vc_column_inner][\/vc_row_inner]<hr class=\"vertical-space4\"><hr class=\"vertical-space4\">[\/vc_column][\/vc_row][vc_row][vc_column css=\u00a0\u00bb.vc_custom_1520245198554{padding-top: 5% !important;}\u00a0\u00bb][vc_column_text]\n<p style=\"text-align: center;\">L&rsquo;appartement de deux pi\u00e8ces avec mezzanine peut accueillir jusqu&rsquo;\u00e0 <strong>4 personnes<\/strong>, et est \u00e9quip\u00e9 d&rsquo;une cuisine \u00e9quip\u00e9e, d&rsquo;une salle de bain priv\u00e9e, de deux balcons et d&rsquo;un espace ext\u00e9rieur exclusif<\/p>\n[\/vc_column_text][\/vc_column][\/vc_row][vc_row row_type=\u00a0\u00bb1&Prime;][vc_column width=\u00a0\u00bb1\/3&Prime; css=\u00a0\u00bb.vc_custom_1520496947483{padding-left: 5% !important;}\u00a0\u00bb]\n\t<div class=\"subtitle-element subtitle-element1\">\n\t\t<h2>Services offerts dans l'appartement<\/h2>\n\t<\/div><article class=\"icon-box21\" ><i class=\"ti-rss-alt\" style=\"\"><\/i><h4>Wifi <\/h4><p>Le r\u00e9seau wifi est gratuit et diffus\u00e9 dans toute la structure<\/p><\/article><article class=\"icon-box21\" ><i class=\"fa-hotel\" style=\"\"><\/i><h4>Trois lits<\/h4><p> Grand lit double, canap\u00e9-lit double et lit simple<\/p><\/article><article class=\"icon-box21\" ><i class=\"sl-home\" style=\"\"><\/i><h4>Salle de bains priv\u00e9e<\/h4><p>Douce, s\u00e8che cheveux et set de courtoisie complet<\/p><\/article>[\/vc_column][vc_column width=\u00a0\u00bb2\/3&Prime; css=\u00a0\u00bb.vc_custom_1520503630684{margin-right: 0px !important;margin-left: 0px !important;padding-right: 0px !important;padding-left: 0px !important;}\u00a0\u00bb]\n\t\t\t<!-- START bilocale soppalco REVOLUTION SLIDER 6.7.18 --><p class=\"rs-p-wp-fix\"><\/p>\n\t\t\t<rs-module-wrap id=\"rev_slider_28_1_wrapper\" data-source=\"gallery\" style=\"visibility:hidden;background:transparent;padding:0;margin:0px auto;margin-top:0;margin-bottom:0;\">\n\t\t\t\t<rs-module id=\"rev_slider_28_1\" style=\"\" data-version=\"6.7.18\">\n\t\t\t\t\t<rs-slides style=\"overflow: hidden; position: absolute;\">\n\t\t\t\t\t\t<rs-slide style=\"position: absolute;\" data-key=\"rs-148\" data-title=\"Camera\" data-thumb=\"\/\/www.moraineenchantee.com\/wp-content\/uploads\/2020\/06\/bilocale-clapey4-100x50.jpg\" data-in=\"x:(100%);\">\n\t\t\t\t\t\t\t<img decoding=\"async\" src=\"\/\/www.moraineenchantee.com\/wp-content\/plugins\/revslider\/sr6\/assets\/assets\/dummy.png\" alt=\"\" title=\"Appartement de deux pi\u00e8ces Le Clapey\" class=\"rev-slidebg tp-rs-img rs-lazyload\" data-lazyload=\"\/\/www.moraineenchantee.com\/wp-content\/uploads\/2020\/06\/bilocale-clapey4.jpg\" data-parallax=\"off\" data-no-retina>\n<!---->\t\t\t\t\t<\/rs-slide>\n\t\t\t\t\t\t<rs-slide style=\"position: absolute;\" data-key=\"rs-151\" data-title=\"Camera\" data-thumb=\"\/\/www.moraineenchantee.com\/wp-content\/uploads\/2020\/06\/bilocale-clapey3-100x50.jpg\" data-in=\"x:(100%);\">\n\t\t\t\t\t\t\t<img decoding=\"async\" src=\"\/\/www.moraineenchantee.com\/wp-content\/plugins\/revslider\/sr6\/assets\/assets\/dummy.png\" alt=\"\" title=\"Appartement de deux pi\u00e8ces Le Clapey\" class=\"rev-slidebg tp-rs-img rs-lazyload\" data-lazyload=\"\/\/www.moraineenchantee.com\/wp-content\/uploads\/2020\/06\/bilocale-clapey3.jpg\" data-parallax=\"off\" data-no-retina>\n<!---->\t\t\t\t\t<\/rs-slide>\n\t\t\t\t\t\t<rs-slide style=\"position: absolute;\" data-key=\"rs-152\" data-title=\"Camera\" data-thumb=\"\/\/www.moraineenchantee.com\/wp-content\/uploads\/2020\/06\/bilocale-clapey2-100x50.jpg\" data-in=\"x:(100%);\">\n\t\t\t\t\t\t\t<img decoding=\"async\" src=\"\/\/www.moraineenchantee.com\/wp-content\/plugins\/revslider\/sr6\/assets\/assets\/dummy.png\" alt=\"\" title=\"Appartement de deux pi\u00e8ces Le Clapey\" class=\"rev-slidebg tp-rs-img rs-lazyload\" data-lazyload=\"\/\/www.moraineenchantee.com\/wp-content\/uploads\/2020\/06\/bilocale-clapey2.jpg\" data-parallax=\"off\" data-no-retina>\n<!---->\t\t\t\t\t<\/rs-slide>\n\t\t\t\t\t\t<rs-slide style=\"position: absolute;\" data-key=\"rs-150\" data-title=\"Camera\" data-thumb=\"\/\/www.moraineenchantee.com\/wp-content\/uploads\/2020\/06\/bilocale-clapey1-100x50.jpg\" data-in=\"x:(100%);\">\n\t\t\t\t\t\t\t<img decoding=\"async\" src=\"\/\/www.moraineenchantee.com\/wp-content\/plugins\/revslider\/sr6\/assets\/assets\/dummy.png\" alt=\"\" title=\"Appartement de deux pi\u00e8ces Le Clapey\" class=\"rev-slidebg tp-rs-img rs-lazyload\" data-lazyload=\"\/\/www.moraineenchantee.com\/wp-content\/uploads\/2020\/06\/bilocale-clapey1.jpg\" data-parallax=\"off\" data-no-retina>\n<!---->\t\t\t\t\t<\/rs-slide>\n\t\t\t\t\t\t<rs-slide style=\"position: absolute;\" data-key=\"rs-149\" data-title=\"Intro\" data-thumb=\"\/\/www.moraineenchantee.com\/wp-content\/uploads\/2020\/06\/bilocale-clapey-100x50.jpg\" data-in=\"x:(100%);\">\n\t\t\t\t\t\t\t<img decoding=\"async\" src=\"\/\/www.moraineenchantee.com\/wp-content\/plugins\/revslider\/sr6\/assets\/assets\/dummy.png\" alt=\"\" title=\"Appartement de deux pi\u00e8ces Le Clapey\" class=\"rev-slidebg tp-rs-img rs-lazyload\" data-lazyload=\"\/\/www.moraineenchantee.com\/wp-content\/uploads\/2020\/06\/bilocale-clapey.jpg\" data-parallax=\"off\" data-no-retina>\n<!---->\t\t\t\t\t<\/rs-slide>\n\t\t\t\t\t\t<rs-slide style=\"position: absolute;\" data-key=\"rs-162\" data-title=\"Slide\" data-in=\"o:0;\" data-out=\"a:false;\">\n\t\t\t\t\t\t\t<img decoding=\"async\" src=\"\/\/www.moraineenchantee.com\/wp-content\/plugins\/revslider\/sr6\/assets\/assets\/dummy.png\" alt=\"Slide\" title=\"Appartement de deux pi\u00e8ces Le Clapey\" class=\"rev-slidebg tp-rs-img rs-lazyload\" data-lazyload=\"\/\/www.moraineenchantee.com\/wp-content\/plugins\/revslider\/sr6\/assets\/assets\/transparent.png\" data-parallax=\"off\" data-no-retina>\n<!---->\t\t\t\t\t<\/rs-slide>\n\t\t\t\t\t<\/rs-slides>\n\t\t\t\t<\/rs-module>\n\t\t\t\t<script>\n\t\t\t\t\tsetREVStartSize({c: 'rev_slider_28_1',rl:[1240,1024,778,480],el:[],gw:[1240,1024,778,480],gh:[868,768,960,720],type:'standard',justify:'',layout:'fullwidth',mh:\"0\"});if (window.RS_MODULES!==undefined && window.RS_MODULES.modules!==undefined && window.RS_MODULES.modules[\"revslider281\"]!==undefined) {window.RS_MODULES.modules[\"revslider281\"].once = false;window.revapi28 = undefined;if (window.RS_MODULES.checkMinimal!==undefined) window.RS_MODULES.checkMinimal()}\n\t\t\t\t<\/script>\n\t\t\t<\/rs-module-wrap>\n\t\t\t<!-- END REVOLUTION SLIDER -->\n[\/vc_column][\/vc_row][vc_row row_type=\u00a0\u00bb3&Prime; blox_image=\u00a0\u00bb10649&Prime; blox_dark=\u00a0\u00bbtrue\u00a0\u00bb parallax_speed=\u00a0\u00bb7&Prime;][vc_column]<hr class=\"vertical-space4\"><article class=\"title-plus-text type-2 center \" style=\"text-align:center\" ><h3>R\u00e9servez cette chambre<\/h3><h2>sur notre site<\/h2><\/article>[vc_row_inner css=\u00a0\u00bb.vc_custom_1520498026131{background-color: #384852 !important;}\u00a0\u00bb][vc_column_inner width=\u00a0\u00bb1\/3&Prime;]<hr class=\"vertical-space2\"><article class=\"icon-box1\" ><i class=\"pe-7s-users\" style=\" font-size:86px;\"><\/i><h4>Lien direct<\/h4><p>Aucun interm\u00e9diaire, votre r\u00e9servation sera imm\u00e9diatement prise en compte par notre staff<\/p><\/article><hr class=\"vertical-space2\">[\/vc_column_inner][vc_column_inner width=\u00a0\u00bb1\/3&Prime;]<hr class=\"vertical-space2\"><article class=\"icon-box1\" ><i class=\"pe-7s-cash\" style=\" font-size:86px;\"><\/i><h4>Meilleur <strong>tarif<\/strong><\/h4><p>En r\u00e9servant directement vous aurez toujours le meilleur tarif <\/p><\/article><hr class=\"vertical-space2\">[\/vc_column_inner][vc_column_inner width=\u00a0\u00bb1\/3&Prime;]<hr class=\"vertical-space2\"><article class=\"icon-box1\" ><i class=\"pe-7s-wristwatch\" style=\" font-size:86px;\"><\/i><h4>Horaires <strong>flexibles<\/strong><\/h4><p>Heure d'arriv\u00e9e et de d\u00e9part flexible<\/p><\/article><hr class=\"vertical-space2\">[\/vc_column_inner][\/vc_row_inner]<hr class=\"vertical-space4\">[\/vc_column][\/vc_row][vc_row row_type=\u00a0\u00bb2&Prime; blox_bgcolor=\u00a0\u00bb#ffffff\u00a0\u00bb][vc_column]<hr class=\"vertical-space4\"><article class=\"title-plus-text type-3 center \" style=\"text-align:center\" ><h3 style=\"color:#538ecb\">Les autres <\/h3><h2 class=\"part-1\" style=\"color:#494949\">chambres<\/h2><h2 class=\"part-2\" style=\"color:#9ad6df\">et appartements<\/h2><\/article><hr class=\"vertical-space3\">[rev_slider_vc alias=\u00a0\u00bbfra-camere\u00a0\u00bb][\/vc_column][\/vc_row]\n<\/div>","protected":false},"excerpt":{"rendered":"<p>[vc_row row_type=\u00a0\u00bb3&Prime; blox_image=\u00a0\u00bb11308&Prime; page_title=\u00a0\u00bbpage-title-x\u00a0\u00bb blox_dark=\u00a0\u00bbtrue\u00a0\u00bb blox_class=\u00a0\u00bbw-top-se\u00a0\u00bb parallax_speed=\u00a0\u00bb8&Prime;][vc_column][vc_row_inner][vc_column_inner][\/vc_column_inner][\/vc_row_inner][\/vc_column][\/vc_row][vc_row][vc_column css=\u00a0\u00bb.vc_custom_1520245198554{padding-top: 5% !important;}\u00a0\u00bb][vc_column_text] L&rsquo;appartement de deux pi\u00e8ces avec mezzanine peut accueillir jusqu&rsquo;\u00e0 4 personnes, et est \u00e9quip\u00e9 d&rsquo;une cuisine \u00e9quip\u00e9e, d&rsquo;une salle de bain priv\u00e9e, de deux balcons et d&rsquo;un espace ext\u00e9rieur exclusif [\/vc_column_text][\/vc_column][\/vc_row][vc_row row_type=\u00a0\u00bb1&Prime;][vc_column width=\u00a0\u00bb1\/3&Prime; css=\u00a0\u00bb.vc_custom_1520496947483{padding-left: 5% !important;}\u00a0\u00bb][\/vc_column][vc_column width=\u00a0\u00bb2\/3&Prime; css=\u00a0\u00bb.vc_custom_1520503630684{margin-right: 0px !important;margin-left: 0px !important;padding-right: 0px !important;padding-left: 0px !important;}\u00a0\u00bb][\/vc_column][\/vc_row][vc_row row_type=\u00a0\u00bb3&Prime; blox_image=\u00a0\u00bb10649&Prime; blox_dark=\u00a0\u00bbtrue\u00a0\u00bb parallax_speed=\u00a0\u00bb7&Prime;][vc_column][vc_row_inner css=\u00a0\u00bb.vc_custom_1520498026131{background-color: #384852 !important;}\u00a0\u00bb][vc_column_inner width=\u00a0\u00bb1\/3&Prime;][\/vc_column_inner][vc_column_inner width=\u00a0\u00bb1\/3&Prime;][\/vc_column_inner][vc_column_inner width=\u00a0\u00bb1\/3&Prime;][\/vc_column_inner][\/vc_row_inner][\/vc_column][\/vc_row][vc_row row_type=\u00a0\u00bb2&Prime; blox_bgcolor=\u00a0\u00bb#ffffff\u00a0\u00bb][vc_column][rev_slider_vc alias=\u00a0\u00bbfra-camere\u00a0\u00bb][\/vc_column][\/vc_row]<\/p>\n","protected":false},"author":1,"featured_media":0,"parent":11094,"menu_order":0,"comment_status":"closed","ping_status":"closed","template":"","meta":{"footnotes":""},"class_list":["post-11122","page","type-page","status-publish","hentry"],"_links":{"self":[{"href":"https:\/\/www.moraineenchantee.com\/fr\/wp-json\/wp\/v2\/pages\/11122"}],"collection":[{"href":"https:\/\/www.moraineenchantee.com\/fr\/wp-json\/wp\/v2\/pages"}],"about":[{"href":"https:\/\/www.moraineenchantee.com\/fr\/wp-json\/wp\/v2\/types\/page"}],"author":[{"embeddable":true,"href":"https:\/\/www.moraineenchantee.com\/fr\/wp-json\/wp\/v2\/users\/1"}],"replies":[{"embeddable":true,"href":"https:\/\/www.moraineenchantee.com\/fr\/wp-json\/wp\/v2\/comments?post=11122"}],"version-history":[{"count":0,"href":"https:\/\/www.moraineenchantee.com\/fr\/wp-json\/wp\/v2\/pages\/11122\/revisions"}],"up":[{"embeddable":true,"href":"https:\/\/www.moraineenchantee.com\/fr\/wp-json\/wp\/v2\/pages\/11094"}],"wp:attachment":[{"href":"https:\/\/www.moraineenchantee.com\/fr\/wp-json\/wp\/v2\/media?parent=11122"}],"curies":[{"name":"wp","href":"https:\/\/api.w.org\/{rel}","templated":true}]}}