{"id":11117,"date":"2019-01-23T14:52:14","date_gmt":"2019-01-23T13:52:14","guid":{"rendered":"http:\/\/www.moraineenchantee.com\/?page_id=11117"},"modified":"2025-03-03T12:55:53","modified_gmt":"2025-03-03T11:55:53","slug":"chambre-superieure-boheme-jacuzzi","status":"publish","type":"page","link":"https:\/\/www.moraineenchantee.com\/fr\/liste-des-chambres\/chambre-superieure-boheme-jacuzzi\/","title":{"rendered":"Chambre Sup\u00e9rieure Boh\u00e8me \u2013 Jacuzzi"},"content":{"rendered":"<div class=\"wpb-content-wrapper\">[vc_row row_type=\u00a0\u00bb3&Prime; blox_image=\u00a0\u00bb10976&Prime; page_title=\u00a0\u00bbpage-title-x\u00a0\u00bb blox_dark=\u00a0\u00bbtrue\u00a0\u00bb blox_class=\u00a0\u00bbw-top-se\u00a0\u00bb parallax_speed=\u00a0\u00bb8&Prime;][vc_column]<hr class=\"vertical-space4\"><hr class=\"vertical-space4\">[vc_row_inner][vc_column_inner]<article class=\"title-plus-text type-1 center \" style=\"text-align:center\" ><h3 style=\"color:#ffffff\">Sup\u00e9rieure <\/h3><h2 class=\"part-1\" >avec baignoire<\/h2><h2 class=\"part-2\" >jacuzzi<\/h2><\/article>[\/vc_column_inner][\/vc_row_inner]<hr class=\"vertical-space4\"><hr class=\"vertical-space4\">[\/vc_column][\/vc_row][vc_row][vc_column css=\u00a0\u00bb.vc_custom_1520245198554{padding-top: 5% !important;}\u00a0\u00bb][vc_column_text]\n<p style=\"text-align: center;\"><em><strong>La vie de Boh\u00e8me<\/strong><\/em><\/p>\n<p style=\"text-align: center;\">Tir\u00e9 du livret de l\u2019oeuvre \u201cLa Boh\u00e8me\u201d de Giacomo Puccini<\/p>\n<p style=\"text-align: center;\">L\u2019op\u00e9ra repr\u00e9sente le genre italien par excellence, na\u00eet et se d\u00e9veloppe dans notre pays d\u00e8s le XVI \u00e8me si\u00e8cle et jusqu\u2019au XVIII\u00e8me si\u00e8cle, et en Europe les compositeurs devaient se confronter\u00a0 \u00e0 des livrets \u00e9crits presque exclusivement\u00a0 en italien, langue consid\u00e9r\u00e9e la plus musicale.<\/p>\n<p style=\"text-align: center;\">La repr\u00e9sentation de th\u00e9\u00e2tre associe plusieures formes artistiques: la musique, le jeu, la litt\u00e9rature, la sc\u00e9nographie, le ballet et vit le moment de splendeur entre 1800 et la premi\u00e8re moiti\u00e9 du XX\u00e8me si\u00e8cle gr\u00e2ce \u00e0 des artistes tels que Gioacchino Rossini, Giuseppe Verdi, Giacomo Puccini.<\/p>\n<p style=\"text-align: center;\">Le nom de la chambre reprend le titre du roman\u00a0 duquel fut tir\u00e9 le livret pour l\u2019oeuvre \u201cLa Boh\u00e8me\u201d du grand musicien de la Toscane et la frase brod\u00e9e est tir\u00e9e\u00a0 de l\u2019air \u201cChe gelida manina\u201d chant\u00e9e par Alfredo \u00e0 son aim\u00e9e Mim\u00ec.<\/p>\n<p style=\"text-align: center;\">Les chambres superior repr\u00e9sentent l\u2019union parfaite entre la tradition vald\u00f4taine du bois et le confort \u00e0 standard \u00e9lev\u00e9<\/p>\n[\/vc_column_text][\/vc_column][\/vc_row][vc_row row_type=\u00a0\u00bb1&Prime;][vc_column width=\u00a0\u00bb1\/3&Prime; css=\u00a0\u00bb.vc_custom_1520496947483{padding-left: 5% !important;}\u00a0\u00bb]\n\t<div class=\"subtitle-element subtitle-element1\">\n\t\t<h2>Services offerts dans la chambre<\/h2>\n\t<\/div><article class=\"icon-box21\" ><i class=\"ti-rss-alt\" style=\"\"><\/i><h4>Wifi dans la chambre<\/h4><p>Le r\u00e9seau wifi est gratuit et diffus\u00e9 dans toute la structure<\/p><\/article><article class=\"icon-box21\" ><i class=\"fa-hotel\" style=\"\"><\/i><h4>Deux lits<\/h4><p>Lit king size \u00e0 deux places et lit simple<\/p><\/article><article class=\"icon-box21\" ><i class=\"ti-desktop\" style=\"\"><\/i><h4>TV satellite<\/h4><p>T\u00e9l\u00e9 LCD \u00e0 \u00e9cran plat et cha\u00eenes satellites <\/p><\/article><article class=\"icon-box21\" ><i class=\"sl-home\" style=\"\"><\/i><h4>Salle de bains priv\u00e9e<\/h4><p>Baignoire avec jacuzzi, s\u00e8che cheveux et set de courtoisie complet<\/p><\/article>[\/vc_column][vc_column width=\u00a0\u00bb2\/3&Prime; css=\u00a0\u00bb.vc_custom_1520503630684{margin-right: 0px !important;margin-left: 0px !important;padding-right: 0px !important;padding-left: 0px !important;}\u00a0\u00bb]\n\t\t\t<!-- START Camera superior doccia REVOLUTION SLIDER 6.7.18 --><p class=\"rs-p-wp-fix\"><\/p>\n\t\t\t<rs-module-wrap id=\"rev_slider_23_1_wrapper\" data-source=\"gallery\" style=\"visibility:hidden;background:transparent;padding:0;margin:0px auto;margin-top:0;margin-bottom:0;\">\n\t\t\t\t<rs-module id=\"rev_slider_23_1\" style=\"\" data-version=\"6.7.18\">\n\t\t\t\t\t<rs-slides style=\"overflow: hidden; position: absolute;\">\n\t\t\t\t\t\t<rs-slide style=\"position: absolute;\" data-key=\"rs-120\" data-title=\"Camera\" data-thumb=\"\/\/www.moraineenchantee.com\/wp-content\/uploads\/2018\/03\/camera-moraineenchantee-superior3-100x50.jpg\" data-anim=\"ms:1500;\" data-in=\"y:(100%);\">\n\t\t\t\t\t\t\t<img decoding=\"async\" src=\"\/\/www.moraineenchantee.com\/wp-content\/plugins\/revslider\/sr6\/assets\/assets\/dummy.png\" alt=\"\" title=\"Chambre Sup\u00e9rieure Boh\u00e8me \u2013 Jacuzzi\" class=\"rev-slidebg tp-rs-img rs-lazyload\" data-lazyload=\"\/\/www.moraineenchantee.com\/wp-content\/uploads\/2018\/03\/camera-moraineenchantee-superior3.jpg\" data-parallax=\"off\" data-no-retina>\n<!---->\t\t\t\t\t<\/rs-slide>\n\t\t\t\t\t\t<rs-slide style=\"position: absolute;\" data-key=\"rs-122\" data-title=\"Camera\" data-thumb=\"\/\/www.moraineenchantee.com\/wp-content\/uploads\/2018\/03\/camera-moraineenchantee-superior-100x50.jpg\" data-anim=\"ms:1500;\" data-in=\"y:(100%);\">\n\t\t\t\t\t\t\t<img decoding=\"async\" src=\"\/\/www.moraineenchantee.com\/wp-content\/plugins\/revslider\/sr6\/assets\/assets\/dummy.png\" alt=\"\" title=\"Chambre Sup\u00e9rieure Boh\u00e8me \u2013 Jacuzzi\" class=\"rev-slidebg tp-rs-img rs-lazyload\" data-lazyload=\"\/\/www.moraineenchantee.com\/wp-content\/uploads\/2018\/03\/camera-moraineenchantee-superior.jpg\" data-parallax=\"off\" data-no-retina>\n<!---->\t\t\t\t\t<\/rs-slide>\n\t\t\t\t\t\t<rs-slide style=\"position: absolute;\" data-key=\"rs-126\" data-title=\"Camera\" data-thumb=\"\/\/www.moraineenchantee.com\/wp-content\/uploads\/2022\/06\/bb-aosta-100x50.jpg\" data-anim=\"ms:1500;\" data-in=\"y:(100%);\">\n\t\t\t\t\t\t\t<img decoding=\"async\" src=\"\/\/www.moraineenchantee.com\/wp-content\/plugins\/revslider\/sr6\/assets\/assets\/dummy.png\" alt=\"\" title=\"Chambre Sup\u00e9rieure Boh\u00e8me \u2013 Jacuzzi\" class=\"rev-slidebg tp-rs-img rs-lazyload\" data-lazyload=\"\/\/www.moraineenchantee.com\/wp-content\/uploads\/2022\/06\/bb-aosta.jpg\" data-parallax=\"off\" data-no-retina>\n<!---->\t\t\t\t\t<\/rs-slide>\n\t\t\t\t\t\t<rs-slide style=\"position: absolute;\" data-key=\"rs-127\" data-title=\"Camera\" data-thumb=\"\/\/www.moraineenchantee.com\/wp-content\/uploads\/2018\/03\/EEE3806-100x50.jpg\" data-anim=\"ms:1500;\" data-in=\"y:(100%);\">\n\t\t\t\t\t\t\t<img decoding=\"async\" src=\"\/\/www.moraineenchantee.com\/wp-content\/plugins\/revslider\/sr6\/assets\/assets\/dummy.png\" alt=\"\" title=\"Chambre Sup\u00e9rieure Boh\u00e8me \u2013 Jacuzzi\" class=\"rev-slidebg tp-rs-img rs-lazyload\" data-lazyload=\"\/\/www.moraineenchantee.com\/wp-content\/uploads\/2018\/03\/EEE3806.jpg\" data-parallax=\"off\" data-no-retina>\n<!---->\t\t\t\t\t<\/rs-slide>\n\t\t\t\t\t\t<rs-slide style=\"position: absolute;\" data-key=\"rs-124\" data-title=\"Camera\" data-thumb=\"\/\/www.moraineenchantee.com\/wp-content\/uploads\/2022\/06\/bb-aosta2-100x50.jpg\" data-anim=\"ms:1500;\" data-in=\"y:(100%);\">\n\t\t\t\t\t\t\t<img decoding=\"async\" src=\"\/\/www.moraineenchantee.com\/wp-content\/plugins\/revslider\/sr6\/assets\/assets\/dummy.png\" alt=\"\" title=\"Chambre Sup\u00e9rieure Boh\u00e8me \u2013 Jacuzzi\" class=\"rev-slidebg tp-rs-img rs-lazyload\" data-lazyload=\"\/\/www.moraineenchantee.com\/wp-content\/uploads\/2022\/06\/bb-aosta2.jpg\" data-parallax=\"off\" data-no-retina>\n<!---->\t\t\t\t\t<\/rs-slide>\n\t\t\t\t\t\t<rs-slide style=\"position: absolute;\" data-key=\"rs-161\" data-title=\"Camera\" data-thumb=\"\/\/www.moraineenchantee.com\/wp-content\/uploads\/2022\/06\/bb-aosta1-100x50.jpg\" data-anim=\"ms:1500;\" data-in=\"y:(100%);\">\n\t\t\t\t\t\t\t<img decoding=\"async\" src=\"\/\/www.moraineenchantee.com\/wp-content\/plugins\/revslider\/sr6\/assets\/assets\/dummy.png\" alt=\"\" title=\"Chambre Sup\u00e9rieure Boh\u00e8me \u2013 Jacuzzi\" class=\"rev-slidebg tp-rs-img rs-lazyload\" data-lazyload=\"\/\/www.moraineenchantee.com\/wp-content\/uploads\/2022\/06\/bb-aosta1.jpg\" data-parallax=\"off\" data-no-retina>\n<!---->\t\t\t\t\t<\/rs-slide>\n\t\t\t\t\t<\/rs-slides>\n\t\t\t\t<\/rs-module>\n\t\t\t\t<script>\n\t\t\t\t\tsetREVStartSize({c: 'rev_slider_23_1',rl:[1240,1024,778,480],el:[],gw:[1240,1024,778,480],gh:[868,768,960,720],type:'standard',justify:'',layout:'fullwidth',mh:\"0\"});if (window.RS_MODULES!==undefined && window.RS_MODULES.modules!==undefined && window.RS_MODULES.modules[\"revslider231\"]!==undefined) {window.RS_MODULES.modules[\"revslider231\"].once = false;window.revapi23 = undefined;if (window.RS_MODULES.checkMinimal!==undefined) window.RS_MODULES.checkMinimal()}\n\t\t\t\t<\/script>\n\t\t\t<\/rs-module-wrap>\n\t\t\t<!-- END REVOLUTION SLIDER -->\n[\/vc_column][\/vc_row][vc_row row_type=\u00a0\u00bb3&Prime; blox_image=\u00a0\u00bb10649&Prime; blox_dark=\u00a0\u00bbtrue\u00a0\u00bb parallax_speed=\u00a0\u00bb7&Prime;][vc_column]<hr class=\"vertical-space4\"><article class=\"title-plus-text type-2 center \" style=\"text-align:center\" ><h3>R\u00e9servez cette chambre<\/h3><h2>sur notre site<\/h2><\/article>[vc_row_inner css=\u00a0\u00bb.vc_custom_1520498026131{background-color: #384852 !important;}\u00a0\u00bb][vc_column_inner width=\u00a0\u00bb1\/3&Prime;]<hr class=\"vertical-space2\"><article class=\"icon-box1\" ><i class=\"pe-7s-users\" style=\" font-size:86px;\"><\/i><h4>Lien direct<\/h4><p>Aucun interm\u00e9diaire, votre r\u00e9servation sera imm\u00e9diatement prise en compte par notre staff<\/p><\/article><hr class=\"vertical-space2\">[\/vc_column_inner][vc_column_inner width=\u00a0\u00bb1\/3&Prime;]<hr class=\"vertical-space2\"><article class=\"icon-box1\" ><i class=\"pe-7s-cash\" style=\" font-size:86px;\"><\/i><h4>Meilleur <strong>tarif<\/strong><\/h4><p>En r\u00e9servant directement vous aurez toujours le meilleur tarif <\/p><\/article><hr class=\"vertical-space2\">[\/vc_column_inner][vc_column_inner width=\u00a0\u00bb1\/3&Prime;]<hr class=\"vertical-space2\"><article class=\"icon-box1\" ><i class=\"pe-7s-wristwatch\" style=\" font-size:86px;\"><\/i><h4>Horaires <strong>flexibles<\/strong><\/h4><p>Heure d'arriv\u00e9e et de d\u00e9part flexible<\/p><\/article><hr class=\"vertical-space2\">[\/vc_column_inner][\/vc_row_inner]<hr class=\"vertical-space4\">[\/vc_column][\/vc_row][vc_row row_type=\u00a0\u00bb2&Prime; blox_bgcolor=\u00a0\u00bb#ffffff\u00a0\u00bb][vc_column]<hr class=\"vertical-space4\"><article class=\"title-plus-text type-3 center \" style=\"text-align:center\" ><h3 style=\"color:#538ecb\">Les autres <\/h3><h2 class=\"part-1\" style=\"color:#494949\">chambres<\/h2><h2 class=\"part-2\" style=\"color:#9ad6df\">et appartements<\/h2><\/article><hr class=\"vertical-space3\">[rev_slider_vc alias=\u00a0\u00bbfra-camere\u00a0\u00bb][\/vc_column][\/vc_row]\n<\/div>","protected":false},"excerpt":{"rendered":"<p>[vc_row row_type=\u00a0\u00bb3&Prime; blox_image=\u00a0\u00bb10976&Prime; page_title=\u00a0\u00bbpage-title-x\u00a0\u00bb blox_dark=\u00a0\u00bbtrue\u00a0\u00bb blox_class=\u00a0\u00bbw-top-se\u00a0\u00bb parallax_speed=\u00a0\u00bb8&Prime;][vc_column][vc_row_inner][vc_column_inner][\/vc_column_inner][\/vc_row_inner][\/vc_column][\/vc_row][vc_row][vc_column css=\u00a0\u00bb.vc_custom_1520245198554{padding-top: 5% !important;}\u00a0\u00bb][vc_column_text] La vie de Boh\u00e8me Tir\u00e9 du livret de l\u2019oeuvre \u201cLa Boh\u00e8me\u201d de Giacomo Puccini L\u2019op\u00e9ra repr\u00e9sente le genre italien par excellence, na\u00eet et se d\u00e9veloppe dans notre pays d\u00e8s le XVI \u00e8me si\u00e8cle et jusqu\u2019au XVIII\u00e8me si\u00e8cle, et en Europe les compositeurs devaient se confronter\u00a0 \u00e0 des livrets \u00e9crits presque exclusivement\u00a0 en italien, langue consid\u00e9r\u00e9e la plus musicale. La repr\u00e9sentation de th\u00e9\u00e2tre associe plusieures formes artistiques: la musique, le jeu, la litt\u00e9rature, la sc\u00e9nographie, le ballet et vit le moment de splendeur entre 1800 et la premi\u00e8re moiti\u00e9 du XX\u00e8me si\u00e8cle gr\u00e2ce \u00e0 des artistes tels que Gioacchino Rossini, Giuseppe Verdi, Giacomo Puccini. Le nom de la chambre reprend le titre du roman\u00a0 duquel fut tir\u00e9 le livret pour l\u2019oeuvre \u201cLa Boh\u00e8me\u201d du grand musicien de la Toscane et la frase brod\u00e9e est tir\u00e9e\u00a0 de l\u2019air \u201cChe gelida manina\u201d chant\u00e9e par Alfredo \u00e0 son aim\u00e9e Mim\u00ec. Les chambres superior repr\u00e9sentent l\u2019union parfaite entre la tradition vald\u00f4taine du bois et le confort \u00e0 standard \u00e9lev\u00e9 [\/vc_column_text][\/vc_column][\/vc_row][vc_row row_type=\u00a0\u00bb1&Prime;][vc_column width=\u00a0\u00bb1\/3&Prime; css=\u00a0\u00bb.vc_custom_1520496947483{padding-left: 5% !important;}\u00a0\u00bb][\/vc_column][vc_column width=\u00a0\u00bb2\/3&Prime; css=\u00a0\u00bb.vc_custom_1520503630684{margin-right: 0px !important;margin-left: 0px !important;padding-right: 0px !important;padding-left: 0px !important;}\u00a0\u00bb][\/vc_column][\/vc_row][vc_row row_type=\u00a0\u00bb3&Prime; blox_image=\u00a0\u00bb10649&Prime; blox_dark=\u00a0\u00bbtrue\u00a0\u00bb parallax_speed=\u00a0\u00bb7&Prime;][vc_column][vc_row_inner css=\u00a0\u00bb.vc_custom_1520498026131{background-color: #384852 !important;}\u00a0\u00bb][vc_column_inner width=\u00a0\u00bb1\/3&Prime;][\/vc_column_inner][vc_column_inner width=\u00a0\u00bb1\/3&Prime;][\/vc_column_inner][vc_column_inner width=\u00a0\u00bb1\/3&Prime;][\/vc_column_inner][\/vc_row_inner][\/vc_column][\/vc_row][vc_row row_type=\u00a0\u00bb2&Prime; blox_bgcolor=\u00a0\u00bb#ffffff\u00a0\u00bb][vc_column][rev_slider_vc alias=\u00a0\u00bbfra-camere\u00a0\u00bb][\/vc_column][\/vc_row]<\/p>\n","protected":false},"author":1,"featured_media":11630,"parent":11094,"menu_order":0,"comment_status":"closed","ping_status":"closed","template":"","meta":{"footnotes":""},"class_list":["post-11117","page","type-page","status-publish","has-post-thumbnail","hentry"],"_links":{"self":[{"href":"https:\/\/www.moraineenchantee.com\/fr\/wp-json\/wp\/v2\/pages\/11117"}],"collection":[{"href":"https:\/\/www.moraineenchantee.com\/fr\/wp-json\/wp\/v2\/pages"}],"about":[{"href":"https:\/\/www.moraineenchantee.com\/fr\/wp-json\/wp\/v2\/types\/page"}],"author":[{"embeddable":true,"href":"https:\/\/www.moraineenchantee.com\/fr\/wp-json\/wp\/v2\/users\/1"}],"replies":[{"embeddable":true,"href":"https:\/\/www.moraineenchantee.com\/fr\/wp-json\/wp\/v2\/comments?post=11117"}],"version-history":[{"count":0,"href":"https:\/\/www.moraineenchantee.com\/fr\/wp-json\/wp\/v2\/pages\/11117\/revisions"}],"up":[{"embeddable":true,"href":"https:\/\/www.moraineenchantee.com\/fr\/wp-json\/wp\/v2\/pages\/11094"}],"wp:featuredmedia":[{"embeddable":true,"href":"https:\/\/www.moraineenchantee.com\/fr\/wp-json\/wp\/v2\/media\/11630"}],"wp:attachment":[{"href":"https:\/\/www.moraineenchantee.com\/fr\/wp-json\/wp\/v2\/media?parent=11117"}],"curies":[{"name":"wp","href":"https:\/\/api.w.org\/{rel}","templated":true}]}}