{"id":11094,"date":"2019-01-23T13:55:14","date_gmt":"2019-01-23T12:55:14","guid":{"rendered":"http:\/\/www.moraineenchantee.com\/?page_id=11094"},"modified":"2025-03-03T13:01:29","modified_gmt":"2025-03-03T12:01:29","slug":"liste-des-chambres","status":"publish","type":"page","link":"https:\/\/www.moraineenchantee.com\/fr\/liste-des-chambres\/","title":{"rendered":"Chambres"},"content":{"rendered":"<div class=\"wpb-content-wrapper\">[vc_row row_type=\u00a0\u00bb3&Prime; blox_image=\u00a0\u00bb10709&Prime; page_title=\u00a0\u00bbpage-title-x\u00a0\u00bb blox_dark=\u00a0\u00bbtrue\u00a0\u00bb blox_class=\u00a0\u00bbw-top-se\u00a0\u00bb parallax_speed=\u00a0\u00bb8&Prime;][vc_column]<hr class=\"vertical-space4\"><hr class=\"vertical-space4\">[vc_row_inner][vc_column_inner]<article class=\"title-plus-text type-1 center \" style=\"text-align:center\" ><h3 style=\"color:#ffffff\">Nos solutions<\/h3><h2 class=\"part-1\" >pour<\/h2><h2 class=\"part-2\" >vous!<\/h2><\/article>[\/vc_column_inner][\/vc_row_inner]<hr class=\"vertical-space4\"><hr class=\"vertical-space4\">[\/vc_column][\/vc_row][vc_row row_type=\u00a0\u00bb2&Prime; blox_bgcolor=\u00a0\u00bb#ffffff\u00a0\u00bb][vc_column]<hr class=\"vertical-space4\"><article class=\"title-plus-text type-3 center \" style=\"text-align:center\" ><h3 style=\"color:#538ecb\">Choisis <\/h3><h2 class=\"part-1\" style=\"color:#494949\">ta chambre<\/h2><h2 class=\"part-2\" style=\"color:#9ad6df\">et r\u00e9serve!<\/h2><\/article><hr class=\"vertical-space1\">[vc_column_text]\n<p style=\"text-align: center;\">Chacun de nos espaces\u00a0 est d\u00e9di\u00e9 \u00e0 la musique, et diff\u00e9rents textes pr\u00e9sentent l\u2019amour des f\u00e9es pour la musique et le chant\u2026<\/p>\n[\/vc_column_text]<hr class=\"vertical-space3\">[\/vc_column][\/vc_row][vc_row][vc_column][vc_basic_grid post_type=\u00a0\u00bbids\u00a0\u00bb element_width=\u00a0\u00bb3&Prime; css=\u00a0\u00bb\u00a0\u00bb grid_id=\u00a0\u00bbvc_gid:1741003174328-e46d1c5e-b517-10&Prime; include=\u00a0\u00bb11100, 11119, 11117, 11114&Prime;][\/vc_column][\/vc_row]\n<\/div>","protected":false},"excerpt":{"rendered":"<p>[vc_row row_type=\u00a0\u00bb3&Prime; blox_image=\u00a0\u00bb10709&Prime; page_title=\u00a0\u00bbpage-title-x\u00a0\u00bb blox_dark=\u00a0\u00bbtrue\u00a0\u00bb blox_class=\u00a0\u00bbw-top-se\u00a0\u00bb parallax_speed=\u00a0\u00bb8&Prime;][vc_column][vc_row_inner][vc_column_inner][\/vc_column_inner][\/vc_row_inner][\/vc_column][\/vc_row][vc_row row_type=\u00a0\u00bb2&Prime; blox_bgcolor=\u00a0\u00bb#ffffff\u00a0\u00bb][vc_column][vc_column_text] Chacun de nos espaces\u00a0 est d\u00e9di\u00e9 \u00e0 la musique, et diff\u00e9rents textes pr\u00e9sentent l\u2019amour des f\u00e9es pour la musique et le chant\u2026 [\/vc_column_text][\/vc_column][\/vc_row][vc_row][vc_column][vc_basic_grid post_type=\u00a0\u00bbids\u00a0\u00bb element_width=\u00a0\u00bb3&Prime; css=\u00a0\u00bb\u00a0\u00bb grid_id=\u00a0\u00bbvc_gid:1741003174328-e46d1c5e-b517-10&Prime; include=\u00a0\u00bb11100, 11119, 11117, 11114&Prime;][\/vc_column][\/vc_row]<\/p>\n","protected":false},"author":1,"featured_media":0,"parent":0,"menu_order":0,"comment_status":"closed","ping_status":"closed","template":"","meta":{"footnotes":""},"class_list":["post-11094","page","type-page","status-publish","hentry"],"_links":{"self":[{"href":"https:\/\/www.moraineenchantee.com\/fr\/wp-json\/wp\/v2\/pages\/11094"}],"collection":[{"href":"https:\/\/www.moraineenchantee.com\/fr\/wp-json\/wp\/v2\/pages"}],"about":[{"href":"https:\/\/www.moraineenchantee.com\/fr\/wp-json\/wp\/v2\/types\/page"}],"author":[{"embeddable":true,"href":"https:\/\/www.moraineenchantee.com\/fr\/wp-json\/wp\/v2\/users\/1"}],"replies":[{"embeddable":true,"href":"https:\/\/www.moraineenchantee.com\/fr\/wp-json\/wp\/v2\/comments?post=11094"}],"version-history":[{"count":0,"href":"https:\/\/www.moraineenchantee.com\/fr\/wp-json\/wp\/v2\/pages\/11094\/revisions"}],"wp:attachment":[{"href":"https:\/\/www.moraineenchantee.com\/fr\/wp-json\/wp\/v2\/media?parent=11094"}],"curies":[{"name":"wp","href":"https:\/\/api.w.org\/{rel}","templated":true}]}}